			
{"id":7659,"date":"2020-12-10T23:36:42","date_gmt":"2020-12-10T23:36:42","guid":{"rendered":"https:\/\/wowgroup.com\/?page_id=7659"},"modified":"2022-07-04T18:43:45","modified_gmt":"2022-07-04T18:43:45","slug":"contacto","status":"publish","type":"page","link":"https:\/\/wowgroup.com\/en\/contacto\/","title":{"rendered":"Contact"},"content":{"rendered":"\t\t<div data-elementor-type=\"wp-page\" data-elementor-id=\"7659\" class=\"elementor elementor-7659\" data-elementor-post-type=\"page\">\n\t\t\t\t\t\t<section class=\"elementor-section elementor-top-section elementor-element elementor-element-d8053b8 elementor-section-boxed elementor-section-height-default elementor-section-height-default\" data-id=\"d8053b8\" data-element_type=\"section\" data-e-type=\"section\">\n\t\t\t\t\t\t<div class=\"elementor-container elementor-column-gap-default\">\n\t\t\t\t\t<div class=\"elementor-column elementor-col-100 elementor-top-column elementor-element elementor-element-a4f7d69\" data-id=\"a4f7d69\" data-element_type=\"column\" data-e-type=\"column\">\n\t\t\t<div class=\"elementor-widget-wrap elementor-element-populated\">\n\t\t\t\t\t\t<div class=\"elementor-element elementor-element-120911b elementor-widget elementor-widget-image\" data-id=\"120911b\" data-element_type=\"widget\" data-e-type=\"widget\" data-widget_type=\"image.default\">\n\t\t\t\t<div class=\"elementor-widget-container\">\n\t\t\t\t\t\t\t\t\t\t\t\t\t\t\t<img fetchpriority=\"high\" decoding=\"async\" width=\"750\" height=\"500\" src=\"https:\/\/wowgroup.com\/wp-content\/uploads\/2020\/12\/mapeo.png\" class=\"attachment-large size-large wp-image-7673\" alt=\"\" srcset=\"https:\/\/wowgroup.com\/wp-content\/uploads\/2020\/12\/mapeo.png 750w, https:\/\/wowgroup.com\/wp-content\/uploads\/2020\/12\/mapeo-300x200.png 300w, https:\/\/wowgroup.com\/wp-content\/uploads\/2020\/12\/mapeo-600x400.png 600w, https:\/\/wowgroup.com\/wp-content\/uploads\/2020\/12\/mapeo-500x333.png 500w\" sizes=\"(max-width: 750px) 100vw, 750px\" \/>\t\t\t\t\t\t\t\t\t\t\t\t\t\t\t<\/div>\n\t\t\t\t<\/div>\n\t\t\t\t\t<\/div>\n\t\t<\/div>\n\t\t\t\t\t<\/div>\n\t\t<\/section>\n\t\t\t\t<section class=\"elementor-section elementor-top-section elementor-element elementor-element-36365fc elementor-section-boxed elementor-section-height-default elementor-section-height-default\" data-id=\"36365fc\" data-element_type=\"section\" data-e-type=\"section\">\n\t\t\t\t\t\t<div class=\"elementor-container elementor-column-gap-default\">\n\t\t\t\t\t<div class=\"elementor-column elementor-col-100 elementor-top-column elementor-element elementor-element-e6f6c55\" data-id=\"e6f6c55\" data-element_type=\"column\" data-e-type=\"column\">\n\t\t\t<div class=\"elementor-widget-wrap elementor-element-populated\">\n\t\t\t\t\t\t<div class=\"elementor-element elementor-element-b13aa87 elementor-widget elementor-widget-spacer\" data-id=\"b13aa87\" data-element_type=\"widget\" data-e-type=\"widget\" data-widget_type=\"spacer.default\">\n\t\t\t\t<div class=\"elementor-widget-container\">\n\t\t\t\t\t\t\t<div class=\"elementor-spacer\">\n\t\t\t<div class=\"elementor-spacer-inner\"><\/div>\n\t\t<\/div>\n\t\t\t\t\t\t<\/div>\n\t\t\t\t<\/div>\n\t\t\t\t\t<\/div>\n\t\t<\/div>\n\t\t\t\t\t<\/div>\n\t\t<\/section>\n\t\t\t\t<section class=\"elementor-section elementor-top-section elementor-element elementor-element-98f0ee2 elementor-section-boxed elementor-section-height-default elementor-section-height-default\" data-id=\"98f0ee2\" data-element_type=\"section\" data-e-type=\"section\" data-settings=\"{&quot;background_background&quot;:&quot;classic&quot;}\">\n\t\t\t\t\t\t<div class=\"elementor-container elementor-column-gap-default\">\n\t\t\t\t\t<div class=\"elementor-column elementor-col-33 elementor-top-column elementor-element elementor-element-e079198\" data-id=\"e079198\" data-element_type=\"column\" data-e-type=\"column\">\n\t\t\t<div class=\"elementor-widget-wrap elementor-element-populated\">\n\t\t\t\t\t\t<div class=\"elementor-element elementor-element-7df6746 elementor-widget elementor-widget-heading\" data-id=\"7df6746\" data-element_type=\"widget\" data-e-type=\"widget\" data-widget_type=\"heading.default\">\n\t\t\t\t<div class=\"elementor-widget-container\">\n\t\t\t\t\t<h2 class=\"elementor-heading-title elementor-size-medium\"><a href=\"https:\/\/www.google.com.mx\/maps\/place\/Grupo+Wow\/@19.5654953,-99.2497711,17z\/data=!3m1!4b1!4m5!3m4!1s0x85d21cf6eb24175f:0xf2e01fd9ef44a2b7!8m2!3d19.5655006!4d-99.2476386\">Plazteca <\/a><\/h2>\t\t\t\t<\/div>\n\t\t\t\t<\/div>\n\t\t\t\t<div class=\"elementor-element elementor-element-af77fb3 elementor-widget-divider--view-line elementor-widget elementor-widget-divider\" data-id=\"af77fb3\" data-element_type=\"widget\" data-e-type=\"widget\" data-widget_type=\"divider.default\">\n\t\t\t\t<div class=\"elementor-widget-container\">\n\t\t\t\t\t\t\t<div class=\"elementor-divider\">\n\t\t\t<span class=\"elementor-divider-separator\">\n\t\t\t\t\t\t<\/span>\n\t\t<\/div>\n\t\t\t\t\t\t<\/div>\n\t\t\t\t<\/div>\n\t\t\t\t<div class=\"elementor-element elementor-element-f5f6cd1 elementor-widget elementor-widget-text-editor\" data-id=\"f5f6cd1\" data-element_type=\"widget\" data-e-type=\"widget\" data-widget_type=\"text-editor.default\">\n\t\t\t\t<div class=\"elementor-widget-container\">\n\t\t\t\t\t\t\t\t\t<p><span style=\"color: #ff6600;\"><strong><a style=\"color: #ff6600;\" href=\"https:\/\/www.google.com.mx\/maps\/place\/Grupo+Wow\/@19.5654953,-99.2497711,17z\/data=!3m1!4b1!4m5!3m4!1s0x85d21cf6eb24175f:0xf2e01fd9ef44a2b7!8m2!3d19.5655006!4d-99.2476386\" data-wplink-edit=\"true\">Plazteca S.A. de C.V\u00a0<\/a><\/strong><\/span><\/p><p>Av. Estado de M\u00e9xico #3, Col. Prof. Crist\u00f3bal Higuera 52940, Atizap\u00e1n de Zaragoza, Estado de M\u00e9xico\u00a0<\/p><p>Tel\u00e9fono: <span style=\"color: #808080;\"><strong>(55) 58 22 80 00<\/strong><\/span><\/p>\t\t\t\t\t\t\t\t<\/div>\n\t\t\t\t<\/div>\n\t\t\t\t\t<\/div>\n\t\t<\/div>\n\t\t\t\t<div class=\"elementor-column elementor-col-33 elementor-top-column elementor-element elementor-element-a8a9dba\" data-id=\"a8a9dba\" data-element_type=\"column\" data-e-type=\"column\">\n\t\t\t<div class=\"elementor-widget-wrap elementor-element-populated\">\n\t\t\t\t\t\t<div class=\"elementor-element elementor-element-e813f9e elementor-widget elementor-widget-heading\" data-id=\"e813f9e\" data-element_type=\"widget\" data-e-type=\"widget\" data-widget_type=\"heading.default\">\n\t\t\t\t<div class=\"elementor-widget-container\">\n\t\t\t\t\t<h2 class=\"elementor-heading-title elementor-size-medium\"><a href=\"https:\/\/www.google.com.mx\/maps\/place\/Grupo+WOW+Distribuci%C3%B3n\/@19.6541554,-99.1658229,17z\/data=!3m1!4b1!4m5!3m4!1s0x85d1f569fb3a7917:0xbac14217c24a5a06!8m2!3d19.6541554!4d-99.1636289\">Cedis Plazteca<\/a><\/h2>\t\t\t\t<\/div>\n\t\t\t\t<\/div>\n\t\t\t\t<div class=\"elementor-element elementor-element-bb5d433 elementor-widget-divider--view-line elementor-widget elementor-widget-divider\" data-id=\"bb5d433\" data-element_type=\"widget\" data-e-type=\"widget\" data-widget_type=\"divider.default\">\n\t\t\t\t<div class=\"elementor-widget-container\">\n\t\t\t\t\t\t\t<div class=\"elementor-divider\">\n\t\t\t<span class=\"elementor-divider-separator\">\n\t\t\t\t\t\t<\/span>\n\t\t<\/div>\n\t\t\t\t\t\t<\/div>\n\t\t\t\t<\/div>\n\t\t\t\t<div class=\"elementor-element elementor-element-cc0aa5b elementor-widget elementor-widget-text-editor\" data-id=\"cc0aa5b\" data-element_type=\"widget\" data-e-type=\"widget\" data-widget_type=\"text-editor.default\">\n\t\t\t\t<div class=\"elementor-widget-container\">\n\t\t\t\t\t\t\t\t\t<p style=\"font-weight: 400;\"><a href=\"https:\/\/www.google.com.mx\/maps\/place\/Grupo+WOW+Distribuci%C3%B3n\/@19.6541554,-99.1658229,17z\/data=!3m1!4b1!4m5!3m4!1s0x85d1f569fb3a7917:0xbac14217c24a5a06!8m2!3d19.6541554!4d-99.1636289\"><span style=\"color: #ff6600;\"><strong>Cedis Plazteca<\/strong><\/span><\/a><\/p><p style=\"font-weight: 400;\">Boulevard Tultitlan Oriente No. 12, Col. Santiaguito, CP 54900, Municipio de Tultitl\u00e1n de Mariano Escobedo, Estado de M\u00e9xico<\/p>\t\t\t\t\t\t\t\t<\/div>\n\t\t\t\t<\/div>\n\t\t\t\t\t<\/div>\n\t\t<\/div>\n\t\t\t\t<div class=\"elementor-column elementor-col-33 elementor-top-column elementor-element elementor-element-9e7947a\" data-id=\"9e7947a\" data-element_type=\"column\" data-e-type=\"column\">\n\t\t\t<div class=\"elementor-widget-wrap elementor-element-populated\">\n\t\t\t\t\t\t<div class=\"elementor-element elementor-element-7bab884 elementor-widget elementor-widget-heading\" data-id=\"7bab884\" data-element_type=\"widget\" data-e-type=\"widget\" data-widget_type=\"heading.default\">\n\t\t\t\t<div class=\"elementor-widget-container\">\n\t\t\t\t\t<h2 class=\"elementor-heading-title elementor-size-medium\"><a href=\"https:\/\/www.google.com.mx\/maps\/place\/Wow+Plastics+Inc\/@29.5594799,-95.818331,17z\/data=!4m13!1m7!3m6!1s0x86411bf844339f3d:0xd59dac01ca8066ce!2s1125+Avenue+G,+Rosenberg,+TX+77471,+EE.+UU.!3b1!8m2!3d29.5594753!4d-95.8161423!3m4!1s0x86411a61b48a6a51:0x620d7f1d90e9a6df!8m2!3d29.5594753!4d-95.8161423\">WOW Plastics<\/a><\/h2>\t\t\t\t<\/div>\n\t\t\t\t<\/div>\n\t\t\t\t<div class=\"elementor-element elementor-element-5364348 elementor-widget-divider--view-line elementor-widget elementor-widget-divider\" data-id=\"5364348\" data-element_type=\"widget\" data-e-type=\"widget\" data-widget_type=\"divider.default\">\n\t\t\t\t<div class=\"elementor-widget-container\">\n\t\t\t\t\t\t\t<div class=\"elementor-divider\">\n\t\t\t<span class=\"elementor-divider-separator\">\n\t\t\t\t\t\t<\/span>\n\t\t<\/div>\n\t\t\t\t\t\t<\/div>\n\t\t\t\t<\/div>\n\t\t\t\t<div class=\"elementor-element elementor-element-0a5842d elementor-widget elementor-widget-text-editor\" data-id=\"0a5842d\" data-element_type=\"widget\" data-e-type=\"widget\" data-widget_type=\"text-editor.default\">\n\t\t\t\t<div class=\"elementor-widget-container\">\n\t\t\t\t\t\t\t\t\t<p><span style=\"color: #ff6600;\"><strong><a style=\"color: #ff6600;\" href=\"https:\/\/www.google.com.mx\/maps\/place\/Wow+Plastics+Inc\/@29.5594799,-95.818331,17z\/data=!4m13!1m7!3m6!1s0x86411bf844339f3d:0xd59dac01ca8066ce!2s1125+Avenue+G,+Rosenberg,+TX+77471,+EE.+UU.!3b1!8m2!3d29.5594753!4d-95.8161423!3m4!1s0x86411a61b48a6a51:0x620d7f1d90e9a6df!8m2!3d29.5594753!4d-95.8161423\" data-wplink-edit=\"true\">WOW Plastics<\/a><\/strong><\/span><\/p><p>1125 Ave. G-Rosenberg, Texas United States 77471<\/p><p>Phone: 1 (281) 238 9977 Ext. 0 or Ext. 148<\/p>\t\t\t\t\t\t\t\t<\/div>\n\t\t\t\t<\/div>\n\t\t\t\t\t<\/div>\n\t\t<\/div>\n\t\t\t\t\t<\/div>\n\t\t<\/section>\n\t\t\t\t<section class=\"elementor-section elementor-top-section elementor-element elementor-element-afbaf09 elementor-section-boxed elementor-section-height-default elementor-section-height-default\" data-id=\"afbaf09\" data-element_type=\"section\" data-e-type=\"section\">\n\t\t\t\t\t\t<div class=\"elementor-container elementor-column-gap-default\">\n\t\t\t\t\t<div class=\"elementor-column elementor-col-100 elementor-top-column elementor-element elementor-element-c51ca82\" data-id=\"c51ca82\" data-element_type=\"column\" data-e-type=\"column\">\n\t\t\t<div class=\"elementor-widget-wrap elementor-element-populated\">\n\t\t\t\t\t\t<div class=\"elementor-element elementor-element-ea009ac elementor-shape-square elementor-widget__width-initial elementor-fixed elementor-hidden-phone elementor-grid-0 e-grid-align-center elementor-invisible elementor-widget elementor-widget-social-icons\" data-id=\"ea009ac\" data-element_type=\"widget\" data-e-type=\"widget\" data-settings=\"{&quot;_position&quot;:&quot;fixed&quot;,&quot;motion_fx_motion_fx_mouse&quot;:&quot;yes&quot;,&quot;_animation&quot;:&quot;fadeInRight&quot;,&quot;_animation_delay&quot;:400}\" data-widget_type=\"social-icons.default\">\n\t\t\t\t<div class=\"elementor-widget-container\">\n\t\t\t\t\t\t\t<div class=\"elementor-social-icons-wrapper elementor-grid\" role=\"list\">\n\t\t\t\t\t\t\t<span class=\"elementor-grid-item\" role=\"listitem\">\n\t\t\t\t\t<a class=\"elementor-icon elementor-social-icon elementor-social-icon-whatsapp elementor-repeater-item-67d1632\" href=\"https:\/\/api.whatsapp.com\/send?phone=525543868827&#038;text=Hola,%20me%20interesa%20saber%20sobre:\" target=\"_blank\">\n\t\t\t\t\t\t<span class=\"elementor-screen-only\">Whatsapp<\/span>\n\t\t\t\t\t\t<i aria-hidden=\"true\" class=\"fab fa-whatsapp\"><\/i>\t\t\t\t\t<\/a>\n\t\t\t\t<\/span>\n\t\t\t\t\t\t\t<span class=\"elementor-grid-item\" role=\"listitem\">\n\t\t\t\t\t<a class=\"elementor-icon elementor-social-icon elementor-social-icon-facebook elementor-repeater-item-3cf26a4\" href=\"https:\/\/www.facebook.com\/GrupoWOWMx\" target=\"_blank\">\n\t\t\t\t\t\t<span class=\"elementor-screen-only\">Facebook<\/span>\n\t\t\t\t\t\t<i aria-hidden=\"true\" class=\"fab fa-facebook\"><\/i>\t\t\t\t\t<\/a>\n\t\t\t\t<\/span>\n\t\t\t\t\t\t\t<span class=\"elementor-grid-item\" role=\"listitem\">\n\t\t\t\t\t<a class=\"elementor-icon elementor-social-icon elementor-social-icon-instagram elementor-repeater-item-1173adb\" href=\"https:\/\/www.instagram.com\/grupowow\/?hl=es-la\" target=\"_blank\">\n\t\t\t\t\t\t<span class=\"elementor-screen-only\">Instagram<\/span>\n\t\t\t\t\t\t<i aria-hidden=\"true\" class=\"fab fa-instagram\"><\/i>\t\t\t\t\t<\/a>\n\t\t\t\t<\/span>\n\t\t\t\t\t\t\t<span class=\"elementor-grid-item\" role=\"listitem\">\n\t\t\t\t\t<a class=\"elementor-icon elementor-social-icon elementor-social-icon-twitter elementor-repeater-item-cd46d29\" href=\"https:\/\/twitter.com\/WowGroup4\" target=\"_blank\">\n\t\t\t\t\t\t<span class=\"elementor-screen-only\">Twitter<\/span>\n\t\t\t\t\t\t<i aria-hidden=\"true\" class=\"fab fa-twitter\"><\/i>\t\t\t\t\t<\/a>\n\t\t\t\t<\/span>\n\t\t\t\t\t\t\t<span class=\"elementor-grid-item\" role=\"listitem\">\n\t\t\t\t\t<a class=\"elementor-icon elementor-social-icon elementor-social-icon-youtube elementor-repeater-item-ac59350\" href=\"https:\/\/www.youtube.com\/channel\/UCp7iyKk_ZNagvWl1bETrBPA\" target=\"_blank\">\n\t\t\t\t\t\t<span class=\"elementor-screen-only\">Youtube<\/span>\n\t\t\t\t\t\t<i aria-hidden=\"true\" class=\"fab fa-youtube\"><\/i>\t\t\t\t\t<\/a>\n\t\t\t\t<\/span>\n\t\t\t\t\t<\/div>\n\t\t\t\t\t\t<\/div>\n\t\t\t\t<\/div>\n\t\t\t\t\t<\/div>\n\t\t<\/div>\n\t\t\t\t\t<\/div>\n\t\t<\/section>\n\t\t\t\t<section class=\"elementor-section elementor-top-section elementor-element elementor-element-a9e3412 elementor-section-boxed elementor-section-height-default elementor-section-height-default\" data-id=\"a9e3412\" data-element_type=\"section\" data-e-type=\"section\">\n\t\t\t\t\t\t<div class=\"elementor-container elementor-column-gap-default\">\n\t\t\t\t\t<div class=\"elementor-column elementor-col-16 elementor-top-column elementor-element elementor-element-d68e2ee\" data-id=\"d68e2ee\" data-element_type=\"column\" data-e-type=\"column\">\n\t\t\t<div class=\"elementor-widget-wrap\">\n\t\t\t\t\t\t\t<\/div>\n\t\t<\/div>\n\t\t\t\t<div class=\"elementor-column elementor-col-66 elementor-top-column elementor-element elementor-element-46c76ec\" data-id=\"46c76ec\" data-element_type=\"column\" data-e-type=\"column\">\n\t\t\t<div class=\"elementor-widget-wrap elementor-element-populated\">\n\t\t\t\t\t\t<div class=\"elementor-element elementor-element-3b5f0e1 elementor-widget elementor-widget-html\" data-id=\"3b5f0e1\" data-element_type=\"widget\" data-e-type=\"widget\" data-widget_type=\"html.default\">\n\t\t\t\t<div class=\"elementor-widget-container\">\n\t\t\t\t\t<META HTTP-EQUIV=\"Content-type\" CONTENT=\"text\/html; charset=UTF-8\">\n<script src=\"https:\/\/www.google.com\/recaptcha\/api.js\"><\/script>\n<script>\n function timestamp() { var response = document.getElementById(\"g-recaptcha-response\"); if (response == null || response.value.trim() == \"\") {var elems = JSON.parse(document.getElementsByName(\"captcha_settings\")[0].value);elems[\"ts\"] = JSON.stringify(new Date().getTime());document.getElementsByName(\"captcha_settings\")[0].value = JSON.stringify(elems); } } setInterval(timestamp, 500); \n<\/script>\n\n\n<form action=\"https:\/\/webto.salesforce.com\/servlet\/servlet.WebToLead?encoding=UTF-8\" method=\"POST\">\n\n<input type=hidden name='captcha_settings' value='{\"keyname\":\"ProspectosWeb\",\"fallback\":\"true\",\"orgId\":\"00D4W000008J1M4\",\"ts\":\"\"}'>\n<input type=hidden name=\"oid\" value=\"00D4W000008J1M4\">\n<input type=hidden name=\"retURL\" value=\"http:\/\/wowgroup.com\">\n\n\n<label for=\"first_name\">Nombre:<B><FONT COLOR=\"red\">* <\/FONT><\/B><\/label><input  id=\"first_name\" maxlength=\"40\" name=\"first_name\" size=\"20\" type=\"text\" required=\"\" placeholder=\"Ingresa tu nombre (Campo obligatorio)\"\/><br>\n\n<label for=\"last_name\">Apellido:<B><FONT COLOR=\"red\">* <\/FONT><\/B><\/label><input  id=\"last_name\" maxlength=\"80\" name=\"last_name\" size=\"20\" type=\"text\" required=\"\" placeholder=\"Ingresa tus apellidos (Campo obligatorio)\"\/><br>\n\n<label for=\"email\">Email:<B><FONT COLOR=\"red\">* <\/FONT><\/B><\/label><input  id=\"email\" maxlength=\"80\" name=\"email\" size=\"20\" type=\"text\" required=\"\" placeholder=\"Ingresa tu cuenta de correo electr\u00f3nico (Campo obligatorio)\"\/><br>\n\n<label for=\"phone\">Tel\u00e9fono:<\/label><input  id=\"phone\" maxlength=\"40\" name=\"phone\" size=\"20\" type=\"text\" placeholder=\"Ingresa tu n\u00famero telef\u00f3nico a 10 d\u00edgitos (XX) XX-XX-XX-XX\" \/><br>\n\n<b>Selecciona categoria de tu inter\u00e9s:<B><FONT COLOR=\"red\">* <\/FONT><\/B><\/b><select  id=\"00N4W00000O6PdA\" name=\"00N4W00000O6PdA\" title=\"Divisi\u00f3n\" required <\/select><option value=\"\">--Ninguno--<\/option><option value=\"Consumo\">Productos sustentables para el consumo y empaque de alimentos.<\/option>\n<option value=\"Industrial\">L\u00e1minas y estructuras de PET (PETG, PET\/ EVOH\/PE, RPET, antiest\u00e1ticos, etc.).<\/option>\n<\/select><br>\n\n<b>Indica un volumen estimado:<B><FONT COLOR=\"red\">* <\/FONT><\/B><\/b><select  id=\"00N4W00000Sf3Ut\" name=\"00N4W00000Sf3Ut\" title=\"Volumen Estimado\" required ><option value=\"\">--Ninguno--<\/option><option value=\"1-9 cajas\">1-9 cajas (Productos de consumo)<\/option>\n<option value=\"10-149 cajas\">10-149 cajas (Productos de consumo)<\/option>\n<option value=\"150-&gt; cajas\">150-&gt; cajas (Productos de consumo)<\/option>\n<option value=\"45-500 kg\">45-500 kg (L\u00e1minas y estructuras de PET)<\/option>\n<option value=\"501-3000 kg\">501-3000 kg (L\u00e1minas y estructuras de PET)<\/option>\n<option value=\"3000-&gt; kg\">3000-&gt; kg (L\u00e1minas y estructuras de PET)<\/option>\n<\/select><br>\n\n<label for=\"country\">Pa\u00eds:<B><FONT COLOR=\"red\">* <\/FONT><\/B><\/label><input  id=\"country\" maxlength=\"40\" name=\"country\" size=\"20\" type=\"text\" required placeholder=\"Indicanos de que pa\u00eds te comunicas (Campo obligatorio)\"\/><br>\n\n<label for=\"city\">Ciudad:<\/label><input  id=\"city\" maxlength=\"40\" name=\"city\" size=\"20\" type=\"text\" placeholder=\"Ingresa tu ciudad\"\/><br>\n\n<label for=\"state\">Estado\/Provincia:<\/label><input  id=\"state\" maxlength=\"20\" name=\"state\" size=\"20\" type=\"text\" placeholder=\"Ingresa tu Estado o  Provincia\" \/><br>\n\n<label for=\"industry\">Giro:<\/label><select  id=\"industry\" name=\"industry\"><option value=\"\">--Ninguno--<\/option><option value=\"Alimenticio\">Alimenticio<\/option>\n<option value=\"Automotriz\">Automotriz<\/option>\n<option value=\"Consumo\">Consumo<\/option>\n<option value=\"Electr\u00f3nico\">Electr\u00f3nico<\/option>\n<option value=\"Government\">Government<\/option>\n<option value=\"Hoteler\u00eda\">Hoteler\u00eda<\/option>\n<option value=\"Juguetes\">Juguetes<\/option>\n<option value=\"Otro\">Otro<\/option>\n<option value=\"PANIFICADORA\">PANIFICADORA<\/option>\n<option value=\"Restaurante\">Restaurante<\/option>\n<\/select><br>\n\n<label for=\"url\">Sitio Web:<\/label><input  id=\"url\" maxlength=\"80\" name=\"url\" size=\"20\" type=\"text\" placeholder=\"Indica el sitio web de tu Empresa\/Negocio\" \/><br>\n\n<b>Comentarios:<\/b><textarea  id=\"00N4W00000Rffdx\" name=\"00N4W00000Rffdx\" rows=\"3\" type=\"text\" wrap=\"soft\"><\/textarea><br>\n\n<label for=\"lead_source\">Origen:<\/label><select  id=\"lead_source\" name=\"lead_source\">\n    <option value=\"Web2Lead_Wow_Group\">Web<\/option>\n\n<\/select><br>\n\n<div class=\"g-recaptcha\" data-sitekey=\"6LccZSceAAAAABue72vsgbBBkBzVfO9sfYEHl51f\"><\/div><br>\n<input type=\"submit\" name=\"submit\">\n\n<\/form>\t\t\t\t<\/div>\n\t\t\t\t<\/div>\n\t\t\t\t\t<\/div>\n\t\t<\/div>\n\t\t\t\t<div class=\"elementor-column elementor-col-16 elementor-top-column elementor-element elementor-element-dea6086\" data-id=\"dea6086\" data-element_type=\"column\" data-e-type=\"column\">\n\t\t\t<div class=\"elementor-widget-wrap\">\n\t\t\t\t\t\t\t<\/div>\n\t\t<\/div>\n\t\t\t\t\t<\/div>\n\t\t<\/section>\n\t\t\t\t<\/div>\n\t\t","protected":false},"excerpt":{"rendered":"<p>Plazteca Plazteca S.A. de C.V\u00a0 Av. Estado de M\u00e9xico #3, Col. Prof. Crist\u00f3bal Higuera 52940, Atizap\u00e1n de Zaragoza, Estado de M\u00e9xico\u00a0 Tel\u00e9fono: (55) 58 22 80 00 Cedis Plazteca Cedis Plazteca Boulevard Tultitlan Oriente No. 12, Col. Santiaguito, CP 54900, Municipio de Tultitl\u00e1n de Mariano Escobedo, Estado de M\u00e9xico WOW Plastics WOW Plastics 1125 Ave. &hellip; <\/p>\n<p class=\"link-more\"><a href=\"https:\/\/wowgroup.com\/en\/contacto\/\" class=\"more-link\">Continue reading<span class=\"screen-reader-text\"> &#8220;Contacto&#8221;<\/span><\/a><\/p>","protected":false},"author":398,"featured_media":0,"parent":0,"menu_order":0,"comment_status":"closed","ping_status":"closed","template":"elementor_header_footer","meta":{"_monsterinsights_skip_tracking":false,"_monsterinsights_sitenote_active":false,"_monsterinsights_sitenote_note":"","_monsterinsights_sitenote_category":0,"_joinchat":[],"footnotes":""},"class_list":["post-7659","page","type-page","status-publish","hentry"],"aioseo_notices":[],"_links":{"self":[{"href":"https:\/\/wowgroup.com\/en\/wp-json\/wp\/v2\/pages\/7659","targetHints":{"allow":["GET"]}}],"collection":[{"href":"https:\/\/wowgroup.com\/en\/wp-json\/wp\/v2\/pages"}],"about":[{"href":"https:\/\/wowgroup.com\/en\/wp-json\/wp\/v2\/types\/page"}],"author":[{"embeddable":true,"href":"https:\/\/wowgroup.com\/en\/wp-json\/wp\/v2\/users\/398"}],"replies":[{"embeddable":true,"href":"https:\/\/wowgroup.com\/en\/wp-json\/wp\/v2\/comments?post=7659"}],"version-history":[{"count":324,"href":"https:\/\/wowgroup.com\/en\/wp-json\/wp\/v2\/pages\/7659\/revisions"}],"predecessor-version":[{"id":12301,"href":"https:\/\/wowgroup.com\/en\/wp-json\/wp\/v2\/pages\/7659\/revisions\/12301"}],"wp:attachment":[{"href":"https:\/\/wowgroup.com\/en\/wp-json\/wp\/v2\/media?parent=7659"}],"curies":[{"name":"wp","href":"https:\/\/api.w.org\/{rel}","templated":true}]}}