			
{"id":7623,"date":"2020-12-09T18:34:07","date_gmt":"2020-12-09T18:34:07","guid":{"rendered":"https:\/\/wowgroup.com\/?page_id=7623"},"modified":"2023-01-10T19:42:52","modified_gmt":"2023-01-10T19:42:52","slug":"sustentable","status":"publish","type":"page","link":"https:\/\/wowgroup.com\/en\/sustentable\/","title":{"rendered":"Sustainable"},"content":{"rendered":"\t\t<div data-elementor-type=\"wp-page\" data-elementor-id=\"7623\" class=\"elementor elementor-7623\" data-elementor-post-type=\"page\">\n\t\t\t\t\t\t<section class=\"elementor-section elementor-top-section elementor-element elementor-element-b09887f elementor-section-boxed elementor-section-height-default elementor-section-height-default\" data-id=\"b09887f\" data-element_type=\"section\" data-e-type=\"section\">\n\t\t\t\t\t\t<div class=\"elementor-container elementor-column-gap-default\">\n\t\t\t\t\t<div class=\"elementor-column elementor-col-100 elementor-top-column elementor-element elementor-element-364a9fb\" data-id=\"364a9fb\" data-element_type=\"column\" data-e-type=\"column\">\n\t\t\t<div class=\"elementor-widget-wrap elementor-element-populated\">\n\t\t\t\t\t\t<div class=\"elementor-element elementor-element-b1225dd elementor--h-position-center elementor--v-position-middle elementor-arrows-position-inside elementor-pagination-position-inside elementor-widget elementor-widget-slides\" data-id=\"b1225dd\" data-element_type=\"widget\" data-e-type=\"widget\" data-settings=\"{&quot;navigation&quot;:&quot;both&quot;,&quot;autoplay&quot;:&quot;yes&quot;,&quot;pause_on_hover&quot;:&quot;yes&quot;,&quot;pause_on_interaction&quot;:&quot;yes&quot;,&quot;autoplay_speed&quot;:5000,&quot;infinite&quot;:&quot;yes&quot;,&quot;transition&quot;:&quot;slide&quot;,&quot;transition_speed&quot;:500}\" data-widget_type=\"slides.default\">\n\t\t\t\t<div class=\"elementor-widget-container\">\n\t\t\t\t\t\t\t\t\t<div class=\"elementor-swiper\">\n\t\t\t\t\t<div class=\"elementor-slides-wrapper elementor-main-swiper swiper\" role=\"region\" aria-roledescription=\"carousel\" aria-label=\"Slides\" dir=\"ltr\" data-animation=\"fadeInUp\">\n\t\t\t\t<div class=\"swiper-wrapper elementor-slides\">\n\t\t\t\t\t\t\t\t\t\t<div class=\"elementor-repeater-item-8bd4971 swiper-slide\" role=\"group\" aria-roledescription=\"slide\"><div class=\"swiper-slide-bg elementor-ken-burns elementor-ken-burns--out\" role=\"img\" aria-label=\"A man wearing orange gloves collecting garbage in a black bag. Selective focus.\"><\/div><div class=\"elementor-background-overlay\"><\/div><div class=\"swiper-slide-inner\" ><div class=\"swiper-slide-contents\"><div class=\"elementor-slide-heading\">Nuestro compromiso con el planeta<\/div><div class=\"elementor-slide-description\">\u2022Hemos reciclado m\u00e1s de 2 mil millones de botellas de pl\u00e1stico.\n<br><br>\n\u2022Trabajamos con productos compostables y biodegradables en mar y tierra.\n<br><br>\n\u2022Nuestra l\u00ednea de productos de PET y cart\u00f3n\u00a0son seguros para el medio ambiente.\n<br><br>\n\u2022El mundo cambi\u00f3, utilicemos productos verdaderamente compostables.<\/div><\/div><\/div><\/div>\t\t\t\t<\/div>\n\t\t\t\t\t\t\t<\/div>\n\t\t\t\t<\/div>\n\t\t\t\t\t\t\t\t<\/div>\n\t\t\t\t<\/div>\n\t\t\t\t\t<\/div>\n\t\t<\/div>\n\t\t\t\t\t<\/div>\n\t\t<\/section>\n\t\t\t\t<section class=\"elementor-section elementor-top-section elementor-element elementor-element-f0a581f elementor-section-boxed elementor-section-height-default elementor-section-height-default\" data-id=\"f0a581f\" data-element_type=\"section\" data-e-type=\"section\" data-settings=\"{&quot;background_background&quot;:&quot;classic&quot;}\">\n\t\t\t\t\t\t<div class=\"elementor-container elementor-column-gap-default\">\n\t\t\t\t\t<div class=\"elementor-column elementor-col-100 elementor-top-column elementor-element elementor-element-ed46304\" data-id=\"ed46304\" data-element_type=\"column\" data-e-type=\"column\">\n\t\t\t<div class=\"elementor-widget-wrap elementor-element-populated\">\n\t\t\t\t\t\t<div class=\"elementor-element elementor-element-b9de444 elementor-widget elementor-widget-heading\" data-id=\"b9de444\" data-element_type=\"widget\" data-e-type=\"widget\" data-widget_type=\"heading.default\">\n\t\t\t\t<div class=\"elementor-widget-container\">\n\t\t\t\t\t<h2 class=\"elementor-heading-title elementor-size-default\">Pilares de Sustentabilidad <\/h2>\t\t\t\t<\/div>\n\t\t\t\t<\/div>\n\t\t\t\t\t<\/div>\n\t\t<\/div>\n\t\t\t\t\t<\/div>\n\t\t<\/section>\n\t\t\t\t<section class=\"elementor-section elementor-top-section elementor-element elementor-element-660f30c elementor-section-boxed elementor-section-height-default elementor-section-height-default\" data-id=\"660f30c\" data-element_type=\"section\" data-e-type=\"section\" data-settings=\"{&quot;background_background&quot;:&quot;classic&quot;}\">\n\t\t\t\t\t\t<div class=\"elementor-container elementor-column-gap-default\">\n\t\t\t\t\t<div class=\"elementor-column elementor-col-33 elementor-top-column elementor-element elementor-element-95296c3\" data-id=\"95296c3\" data-element_type=\"column\" data-e-type=\"column\">\n\t\t\t<div class=\"elementor-widget-wrap elementor-element-populated\">\n\t\t\t\t\t\t<div class=\"elementor-element elementor-element-074cc4d elementor-view-default elementor-widget elementor-widget-icon\" data-id=\"074cc4d\" data-element_type=\"widget\" data-e-type=\"widget\" data-widget_type=\"icon.default\">\n\t\t\t\t<div class=\"elementor-widget-container\">\n\t\t\t\t\t\t\t<div class=\"elementor-icon-wrapper\">\n\t\t\t<div class=\"elementor-icon\">\n\t\t\t<i aria-hidden=\"true\" class=\"fas fa-recycle\"><\/i>\t\t\t<\/div>\n\t\t<\/div>\n\t\t\t\t\t\t<\/div>\n\t\t\t\t<\/div>\n\t\t\t\t<div class=\"elementor-element elementor-element-40cc9cc elementor-widget elementor-widget-text-editor\" data-id=\"40cc9cc\" data-element_type=\"widget\" data-e-type=\"widget\" data-widget_type=\"text-editor.default\">\n\t\t\t\t<div class=\"elementor-widget-container\">\n\t\t\t\t\t\t\t\t\t<h3>Reciclaje<\/h3><ul class=\"\" dir=\"\"><li>\u200bProductos de PET elaborados \u200bcon el 100% de material reciclado.<\/li><li>\u200bReciclaje de\u00a0la mayor cantidad de botellas de pl\u00e1stico<\/li><li>Separaci\u00f3n de desechos\u00a0<\/li><li>Disminuci\u00f3n de\u00a0los desechos que van al vertedero<\/li><\/ul><p><span style=\"color: #000000; font-family: Tahoma, Geneva, sans-serif; font-size: 12.09px;\">\u00a0<\/span><\/p>\t\t\t\t\t\t\t\t<\/div>\n\t\t\t\t<\/div>\n\t\t\t\t\t<\/div>\n\t\t<\/div>\n\t\t\t\t<div class=\"elementor-column elementor-col-33 elementor-top-column elementor-element elementor-element-4821837\" data-id=\"4821837\" data-element_type=\"column\" data-e-type=\"column\">\n\t\t\t<div class=\"elementor-widget-wrap elementor-element-populated\">\n\t\t\t\t\t\t<div class=\"elementor-element elementor-element-e012272 elementor-view-default elementor-widget elementor-widget-icon\" data-id=\"e012272\" data-element_type=\"widget\" data-e-type=\"widget\" data-widget_type=\"icon.default\">\n\t\t\t\t<div class=\"elementor-widget-container\">\n\t\t\t\t\t\t\t<div class=\"elementor-icon-wrapper\">\n\t\t\t<div class=\"elementor-icon\">\n\t\t\t<i aria-hidden=\"true\" class=\"fas fa-feather-alt\"><\/i>\t\t\t<\/div>\n\t\t<\/div>\n\t\t\t\t\t\t<\/div>\n\t\t\t\t<\/div>\n\t\t\t\t<div class=\"elementor-element elementor-element-e6c200d elementor-widget elementor-widget-text-editor\" data-id=\"e6c200d\" data-element_type=\"widget\" data-e-type=\"widget\" data-widget_type=\"text-editor.default\">\n\t\t\t\t<div class=\"elementor-widget-container\">\n\t\t\t\t\t\t\t\t\t<h3>Productos Sustentables<\/h3><ul><li>Uso de materiales compostables y biodegradables en mar y tierra<\/li><li>Integraci\u00f3n de nuevas l\u00edneas de productos de papel y cart\u00f3n\u00a0<\/li><li>Uso de tecnolog\u00eda innovadora<\/li><\/ul>\t\t\t\t\t\t\t\t<\/div>\n\t\t\t\t<\/div>\n\t\t\t\t\t<\/div>\n\t\t<\/div>\n\t\t\t\t<div class=\"elementor-column elementor-col-33 elementor-top-column elementor-element elementor-element-d2b1461\" data-id=\"d2b1461\" data-element_type=\"column\" data-e-type=\"column\">\n\t\t\t<div class=\"elementor-widget-wrap elementor-element-populated\">\n\t\t\t\t\t\t<div class=\"elementor-element elementor-element-73aef5b elementor-view-default elementor-widget elementor-widget-icon\" data-id=\"73aef5b\" data-element_type=\"widget\" data-e-type=\"widget\" data-widget_type=\"icon.default\">\n\t\t\t\t<div class=\"elementor-widget-container\">\n\t\t\t\t\t\t\t<div class=\"elementor-icon-wrapper\">\n\t\t\t<div class=\"elementor-icon\">\n\t\t\t<i aria-hidden=\"true\" class=\"fas fa-user-check\"><\/i>\t\t\t<\/div>\n\t\t<\/div>\n\t\t\t\t\t\t<\/div>\n\t\t\t\t<\/div>\n\t\t\t\t<div class=\"elementor-element elementor-element-6da0159 elementor-widget elementor-widget-text-editor\" data-id=\"6da0159\" data-element_type=\"widget\" data-e-type=\"widget\" data-widget_type=\"text-editor.default\">\n\t\t\t\t<div class=\"elementor-widget-container\">\n\t\t\t\t\t\t\t\t\t<h3>Gente y Comunidad<\/h3>\n<ul>\n \t<li>Defensa de una cultura de seguridad en el trabajo <br> y en el hogar.<\/li>\n \t<li>Atracci\u00f3n, empoderamiento\u00a0y retenci\u00f3n\u00a0al mejor <br> equipo<\/li>\n \t<li>Diversidad e inclusi\u00f3n.<\/li>\n \t<li>Apoyo\u00a0a las comunidades en las que trabajamos <br> y vivimos.\u200b<\/li>\n<\/ul>\t\t\t\t\t\t\t\t<\/div>\n\t\t\t\t<\/div>\n\t\t\t\t\t<\/div>\n\t\t<\/div>\n\t\t\t\t\t<\/div>\n\t\t<\/section>\n\t\t\t\t<section class=\"elementor-section elementor-top-section elementor-element elementor-element-4acfaba elementor-section-boxed elementor-section-height-default elementor-section-height-default\" data-id=\"4acfaba\" data-element_type=\"section\" data-e-type=\"section\">\n\t\t\t\t\t\t<div class=\"elementor-container elementor-column-gap-default\">\n\t\t\t\t\t<div class=\"elementor-column elementor-col-100 elementor-top-column elementor-element elementor-element-9152cad\" data-id=\"9152cad\" data-element_type=\"column\" data-e-type=\"column\">\n\t\t\t<div class=\"elementor-widget-wrap\">\n\t\t\t\t\t\t\t<\/div>\n\t\t<\/div>\n\t\t\t\t\t<\/div>\n\t\t<\/section>\n\t\t\t\t<section class=\"elementor-section elementor-top-section elementor-element elementor-element-cd7160d elementor-section-boxed elementor-section-height-default elementor-section-height-default\" data-id=\"cd7160d\" data-element_type=\"section\" data-e-type=\"section\">\n\t\t\t\t\t\t<div class=\"elementor-container elementor-column-gap-default\">\n\t\t\t\t\t<div class=\"elementor-column elementor-col-25 elementor-top-column elementor-element elementor-element-6848fd6\" data-id=\"6848fd6\" data-element_type=\"column\" data-e-type=\"column\">\n\t\t\t<div class=\"elementor-widget-wrap\">\n\t\t\t\t\t\t\t<\/div>\n\t\t<\/div>\n\t\t\t\t<div class=\"elementor-column elementor-col-50 elementor-top-column elementor-element elementor-element-441aa5c\" data-id=\"441aa5c\" data-element_type=\"column\" data-e-type=\"column\">\n\t\t\t<div class=\"elementor-widget-wrap elementor-element-populated\">\n\t\t\t\t\t\t<div class=\"elementor-element elementor-element-1e7fb71 elementor-widget elementor-widget-heading\" data-id=\"1e7fb71\" data-element_type=\"widget\" data-e-type=\"widget\" data-widget_type=\"heading.default\">\n\t\t\t\t<div class=\"elementor-widget-container\">\n\t\t\t\t\t<h2 class=\"elementor-heading-title elementor-size-default\">Contacto<\/h2>\t\t\t\t<\/div>\n\t\t\t\t<\/div>\n\t\t\t\t<div class=\"elementor-element elementor-element-b7867be elementor-widget elementor-widget-html\" data-id=\"b7867be\" data-element_type=\"widget\" data-e-type=\"widget\" data-widget_type=\"html.default\">\n\t\t\t\t<div class=\"elementor-widget-container\">\n\t\t\t\t\t<META HTTP-EQUIV=\"Content-type\" CONTENT=\"text\/html; charset=UTF-8\">\n<script src=\"https:\/\/www.google.com\/recaptcha\/api.js\"><\/script>\n<script>\n function timestamp() { var response = document.getElementById(\"g-recaptcha-response\"); if (response == null || response.value.trim() == \"\") {var elems = JSON.parse(document.getElementsByName(\"captcha_settings\")[0].value);elems[\"ts\"] = JSON.stringify(new Date().getTime());document.getElementsByName(\"captcha_settings\")[0].value = JSON.stringify(elems); } } setInterval(timestamp, 500); \n<\/script>\n\n\n<form action=\"https:\/\/webto.salesforce.com\/servlet\/servlet.WebToLead?encoding=UTF-8\" method=\"POST\">\n\n<input type=hidden name='captcha_settings' value='{\"keyname\":\"ProspectosWeb\",\"fallback\":\"true\",\"orgId\":\"00D4W000008J1M4\",\"ts\":\"\"}'>\n<input type=hidden name=\"oid\" value=\"00D4W000008J1M4\">\n<input type=hidden name=\"retURL\" value=\"http:\/\/wowgroup.com\">\n\n\n<label for=\"first_name\">Nombre:<B><FONT COLOR=\"red\">* <\/FONT><\/B><\/label><input  id=\"first_name\" maxlength=\"40\" name=\"first_name\" size=\"20\" type=\"text\" required=\"\" placeholder=\"Ingresa tu nombre (Campo obligatorio)\"\/><br>\n\n<label for=\"last_name\">Apellido:<B><FONT COLOR=\"red\">* <\/FONT><\/B><\/label><input  id=\"last_name\" maxlength=\"80\" name=\"last_name\" size=\"20\" type=\"text\" required=\"\" placeholder=\"Ingresa tus apellidos (Campo obligatorio)\"\/><br>\n\n<label for=\"email\">Email:<B><FONT COLOR=\"red\">* <\/FONT><\/B><\/label><input  id=\"email\" maxlength=\"80\" name=\"email\" size=\"20\" type=\"text\" required=\"\" placeholder=\"Ingresa tu cuenta de correo electr\u00f3nico (Campo obligatorio)\"\/><br>\n\n<label for=\"phone\">Tel\u00e9fono:<\/label><input  id=\"phone\" maxlength=\"40\" name=\"phone\" size=\"20\" type=\"text\" placeholder=\"Ingresa tu n\u00famero telef\u00f3nico a 10 d\u00edgitos (XX) XX-XX-XX-XX\" \/><br>\n\n<b>Selecciona categoria de tu inter\u00e9s:<B><FONT COLOR=\"red\">* <\/FONT><\/B><\/b><select  id=\"00N4W00000O6PdA\" name=\"00N4W00000O6PdA\" title=\"Divisi\u00f3n\" required <\/select><option value=\"\">--Ninguno--<\/option><option value=\"Consumo\">Productos sustentables para el consumo y empaque de alimentos.<\/option>\n<option value=\"Industrial\">L\u00e1minas y estructuras de PET (PETG, PET\/ EVOH\/PE, RPET, antiest\u00e1ticos, etc.).<\/option>\n<\/select><br>\n\n<b>Indica un volumen estimado:<B><FONT COLOR=\"red\">* <\/FONT><\/B><\/b><select  id=\"00N4W00000Sf3Ut\" name=\"00N4W00000Sf3Ut\" title=\"Volumen Estimado\" required ><option value=\"\">--Ninguno--<\/option><option value=\"1-9 cajas\">1-9 cajas (Productos de consumo)<\/option>\n<option value=\"10-149 cajas\">10-149 cajas (Productos de consumo)<\/option>\n<option value=\"150-&gt; cajas\">150-&gt; cajas (Productos de consumo)<\/option>\n<option value=\"45-500 kg\">45-500 kg (L\u00e1minas y estructuras de PET)<\/option>\n<option value=\"501-3000 kg\">501-3000 kg (L\u00e1minas y estructuras de PET)<\/option>\n<option value=\"3000-&gt; kg\">3000-&gt; kg (L\u00e1minas y estructuras de PET)<\/option>\n<\/select><br>\n\n<label for=\"country\">Pa\u00eds:<B><FONT COLOR=\"red\">* <\/FONT><\/B><\/label><input  id=\"country\" maxlength=\"40\" name=\"country\" size=\"20\" type=\"text\" required placeholder=\"Indicanos de que pa\u00eds te comunicas (Campo obligatorio)\"\/><br>\n\n<label for=\"city\">Ciudad:<\/label><input  id=\"city\" maxlength=\"40\" name=\"city\" size=\"20\" type=\"text\" placeholder=\"Ingresa tu ciudad\"\/><br>\n\n<label for=\"state\">Estado\/Provincia:<\/label><input  id=\"state\" maxlength=\"20\" name=\"state\" size=\"20\" type=\"text\" placeholder=\"Ingresa tu Estado o  Provincia\" \/><br>\n\n<label for=\"industry\">Giro:<\/label><select  id=\"industry\" name=\"industry\"><option value=\"\">--Ninguno--<\/option><option value=\"Alimenticio\">Alimenticio<\/option>\n<option value=\"Automotriz\">Automotriz<\/option>\n<option value=\"Consumo\">Consumo<\/option>\n<option value=\"Electr\u00f3nico\">Electr\u00f3nico<\/option>\n<option value=\"Government\">Government<\/option>\n<option value=\"Hoteler\u00eda\">Hoteler\u00eda<\/option>\n<option value=\"Juguetes\">Juguetes<\/option>\n<option value=\"Otro\">Otro<\/option>\n<option value=\"PANIFICADORA\">PANIFICADORA<\/option>\n<option value=\"Restaurante\">Restaurante<\/option>\n<\/select><br>\n\n<label for=\"url\">Sitio Web:<\/label><input  id=\"url\" maxlength=\"80\" name=\"url\" size=\"20\" type=\"text\" placeholder=\"Indica el sitio web de tu Empresa\/Negocio\" \/><br>\n\n<b>Comentarios:<\/b><textarea  id=\"00N4W00000Rffdx\" name=\"00N4W00000Rffdx\" rows=\"3\" type=\"text\" wrap=\"soft\"><\/textarea><br>\n\n<label for=\"lead_source\">Origen:<\/label><select  id=\"lead_source\" name=\"lead_source\">\n    <option value=\"Web2Lead_Wow_Group\">Web<\/option>\n\n<\/select><br>\n\n<div class=\"g-recaptcha\" data-sitekey=\"6LccZSceAAAAABue72vsgbBBkBzVfO9sfYEHl51f\"><\/div><br>\n<input type=\"submit\" name=\"submit\">\n\n<\/form>\t\t\t\t<\/div>\n\t\t\t\t<\/div>\n\t\t\t\t\t<\/div>\n\t\t<\/div>\n\t\t\t\t<div class=\"elementor-column elementor-col-25 elementor-top-column elementor-element elementor-element-22a10f9\" data-id=\"22a10f9\" data-element_type=\"column\" data-e-type=\"column\">\n\t\t\t<div class=\"elementor-widget-wrap\">\n\t\t\t\t\t\t\t<\/div>\n\t\t<\/div>\n\t\t\t\t\t<\/div>\n\t\t<\/section>\n\t\t\t\t<\/div>\n\t\t","protected":false},"excerpt":{"rendered":"<p>Nuestro compromiso con el planeta\u2022Hemos reciclado m\u00e1s de 2 mil millones de botellas de pl\u00e1stico. \u2022Trabajamos con productos compostables y biodegradables en mar y tierra. \u2022Nuestra l\u00ednea de productos de PET y cart\u00f3n\u00a0son seguros para el medio ambiente. \u2022El mundo cambi\u00f3, utilicemos productos verdaderamente compostables. Pilares de Sustentabilidad Reciclaje \u200bProductos de PET elaborados \u200bcon el &hellip; <\/p>\n<p class=\"link-more\"><a href=\"https:\/\/wowgroup.com\/en\/sustentable\/\" class=\"more-link\">Continue reading<span class=\"screen-reader-text\"> &#8220;Sustentable&#8221;<\/span><\/a><\/p>","protected":false},"author":398,"featured_media":0,"parent":0,"menu_order":0,"comment_status":"closed","ping_status":"closed","template":"elementor_header_footer","meta":{"_monsterinsights_skip_tracking":false,"_monsterinsights_sitenote_active":false,"_monsterinsights_sitenote_note":"","_monsterinsights_sitenote_category":0,"_joinchat":[],"footnotes":""},"class_list":["post-7623","page","type-page","status-publish","hentry"],"aioseo_notices":[],"_links":{"self":[{"href":"https:\/\/wowgroup.com\/en\/wp-json\/wp\/v2\/pages\/7623","targetHints":{"allow":["GET"]}}],"collection":[{"href":"https:\/\/wowgroup.com\/en\/wp-json\/wp\/v2\/pages"}],"about":[{"href":"https:\/\/wowgroup.com\/en\/wp-json\/wp\/v2\/types\/page"}],"author":[{"embeddable":true,"href":"https:\/\/wowgroup.com\/en\/wp-json\/wp\/v2\/users\/398"}],"replies":[{"embeddable":true,"href":"https:\/\/wowgroup.com\/en\/wp-json\/wp\/v2\/comments?post=7623"}],"version-history":[{"count":155,"href":"https:\/\/wowgroup.com\/en\/wp-json\/wp\/v2\/pages\/7623\/revisions"}],"predecessor-version":[{"id":12298,"href":"https:\/\/wowgroup.com\/en\/wp-json\/wp\/v2\/pages\/7623\/revisions\/12298"}],"wp:attachment":[{"href":"https:\/\/wowgroup.com\/en\/wp-json\/wp\/v2\/media?parent=7623"}],"curies":[{"name":"wp","href":"https:\/\/api.w.org\/{rel}","templated":true}]}}