			
{"id":6579,"date":"2020-07-22T16:25:39","date_gmt":"2020-07-22T16:25:39","guid":{"rendered":"https:\/\/wowgroup.com\/?page_id=6579"},"modified":"2020-09-02T20:25:45","modified_gmt":"2020-09-02T20:25:45","slug":"cita-de-empleo","status":"publish","type":"page","link":"https:\/\/wowgroup.com\/en\/cita-de-empleo\/","title":{"rendered":"Agenda cita de empleo"},"content":{"rendered":"<p>Tenemos tres sucursales, una esta en Nicol\u00e1s Romero muy cerca del tr\u00e1fico y tres est\u00e1n en Atizap\u00e1n.<\/p>\n<p>-Atizap\u00e1n <br>-Nicol\u00e1s Romero <\/p>\n<p>En Atizap\u00e1n elaboramos productos desechables y una l\u00e1mina muy delgada a base de PET. <br>Manejamos 4 turnos: el primero es de 6 am a 2 pm, el segundo es de 2 pm a 10 pm, el tercero es de 10 pm a 6 am y el cuarto es el cubre los descansos. Trabajan de lunes a domingo con descansos entre semana. <br>Tenemos prestaciones de ley desde el primer d\u00eda, vales de despensa semanales, pagos a la semana, nosotros te damos tu uniforme sin costo, seguro <br>social desde el primer d\u00eda, 30 d\u00edas de aguinaldo, fondo de ahorro. <\/p>\n<p>En Nicol\u00e1s Romero manejamos 4 turnos: el primero es de 6 am a 3 pm descansando los viernes, el segundo es de 12:30 pm a 10 pm descansando los s\u00e1bados y domingos, el tercer turno es de 9:30 pm a 6:30 am descansando los lunes y martes y el cuarto cubre los descansos descansando mi\u00e9rcoles y jueves. <br>Tenemos prestaciones de ley, vales de despensa semanales, pagos a la semana, nosotros te damos tu uniforme sin costo, seguro social desde el primer d\u00eda.<\/p>\n<p><\/p>\n\n\n<\/p>\n[bookly-form]\n<p>\n\n\n<p><\/p>","protected":false},"excerpt":{"rendered":"<p>Tenemos tres sucursales, una esta en Nicol\u00e1s Romero muy cerca del tr\u00e1fico y tres est\u00e1n en Atizap\u00e1n. -Atizap\u00e1n -Nicol\u00e1s Romero En Atizap\u00e1n elaboramos productos desechables y una l\u00e1mina muy delgada a base de PET. Manejamos 4 turnos: el primero es de 6 am a 2 pm, el segundo es de 2 pm a 10 pm, &hellip; <\/p>\n<p class=\"link-more\"><a href=\"https:\/\/wowgroup.com\/en\/cita-de-empleo\/\" class=\"more-link\">Continue reading<span class=\"screen-reader-text\"> &#8220;Agenda cita de empleo&#8221;<\/span><\/a><\/p>","protected":false},"author":398,"featured_media":0,"parent":0,"menu_order":0,"comment_status":"closed","ping_status":"closed","template":"","meta":{"_monsterinsights_skip_tracking":false,"_monsterinsights_sitenote_active":false,"_monsterinsights_sitenote_note":"","_monsterinsights_sitenote_category":0,"_joinchat":[],"footnotes":""},"class_list":["post-6579","page","type-page","status-publish","hentry"],"aioseo_notices":[],"_links":{"self":[{"href":"https:\/\/wowgroup.com\/en\/wp-json\/wp\/v2\/pages\/6579","targetHints":{"allow":["GET"]}}],"collection":[{"href":"https:\/\/wowgroup.com\/en\/wp-json\/wp\/v2\/pages"}],"about":[{"href":"https:\/\/wowgroup.com\/en\/wp-json\/wp\/v2\/types\/page"}],"author":[{"embeddable":true,"href":"https:\/\/wowgroup.com\/en\/wp-json\/wp\/v2\/users\/398"}],"replies":[{"embeddable":true,"href":"https:\/\/wowgroup.com\/en\/wp-json\/wp\/v2\/comments?post=6579"}],"version-history":[{"count":9,"href":"https:\/\/wowgroup.com\/en\/wp-json\/wp\/v2\/pages\/6579\/revisions"}],"predecessor-version":[{"id":6605,"href":"https:\/\/wowgroup.com\/en\/wp-json\/wp\/v2\/pages\/6579\/revisions\/6605"}],"wp:attachment":[{"href":"https:\/\/wowgroup.com\/en\/wp-json\/wp\/v2\/media?parent=6579"}],"curies":[{"name":"wp","href":"https:\/\/api.w.org\/{rel}","templated":true}]}}