			
{"id":12060,"date":"2022-06-03T20:35:43","date_gmt":"2022-06-03T20:35:43","guid":{"rendered":"https:\/\/wowgroup.com\/?page_id=12060"},"modified":"2022-06-03T20:36:20","modified_gmt":"2022-06-03T20:36:20","slug":"12060-2","status":"publish","type":"page","link":"https:\/\/wowgroup.com\/en\/12060-2\/","title":{"rendered":"testfrm"},"content":{"rendered":"\n<script src=\"https:\/\/www.google.com\/recaptcha\/api.js\"><\/script>\n<script>\n function timestamp() { var response = document.getElementById(\"g-recaptcha-response\"); if (response == null || response.value.trim() == \"\") {var elems = JSON.parse(document.getElementsByName(\"captcha_settings\")[0].value);elems[\"ts\"] = JSON.stringify(new Date().getTime());document.getElementsByName(\"captcha_settings\")[0].value = JSON.stringify(elems); } } setInterval(timestamp, 500); \n<\/script>\n\n\n\n<form action=\"https:\/\/webto.salesforce.com\/servlet\/servlet.WebToLead?encoding=UTF-8\" method=\"POST\" name=\"f1\">\n\t\n\n<input type=hidden name='captcha_settings' value='{\"keyname\":\"ProspectosWeb\",\"fallback\":\"true\",\"orgId\":\"00D4W000008J1M4\",\"ts\":\"\"}'>\n<input type=hidden name=\"oid\" value=\"00D4W000008J1M4\">\n<input type=hidden name=\"retURL\" value=\"http:\/\/wowgroup.com\">\n\n\n<label for=\"first_name\">Nombre*<\/label><input  id=\"first_name\" maxlength=\"40\" name=\"first_name\" size=\"20\" type=\"text\" required=\"\" \/><br>\n\n<label for=\"last_name\">Apellidos*<\/label><input  id=\"last_name\" maxlength=\"80\" name=\"last_name\" size=\"20\" type=\"text\" required=\"\" \/><br>\n\n<label for=\"email\">Email*<\/label><input  id=\"email\" maxlength=\"80\" name=\"email\" size=\"20\" type=\"text\" required=\"\"\/><br>\n\n<label for=\"phone\">Tel\u00e9fono<\/label><input  id=\"phone\" maxlength=\"40\" name=\"phone\" size=\"20\" type=\"text\" \/><br>\n\n\n<br\/><br\/>\n\n\n<b>Selecciona la categor\u00eda de tu inter\u00e9s*<\/b>\n\t<select  id=\"00N4W00000O6PdA\" name=\"divisiones\" title=\"Divisi\u00f3n\" onchange=\"cambia_volumen()\">\n\t\t<option value=\"\">&#8211;Ninguno&#8211;\n\t\t<option value=\"1\">Productos sustentables para el consumo y empaque de alimentos.\n\t\t<option value=\"2\">L\u00e1minas y estructuras de PET (PETG, PET\/ EVOH\/PE, RPET, antiest\u00e1ticos, etc.).\n<\/select><br>\n\n<b>Indica un volumen estimado:*<\/b>\n\t<select  id=\"00N4W00000Sf3Ut\" name=\"volumen\" title=\"Volumen Estimado\">\n\t\t<option value=\"-\">&#8211;Ninguno&#8211;\n<\/select><br>\n\n\n\n<\/form>\n\n  <script>\n  var volumenes_1=new Array(\"-\",\"1-9cajas\",\"10-149cajas\",\"150->cajas\",\"...\");\n  var volumenes_2=new Array(\"-\",\"45-500kg\",\"501-3000kg\",\"3001->kg\",\"...\");\n\n\n  var todosVolumenes = [\n    [],\n    volumenes_1,\n    volumenes_2,\n \n  ];\n\n  function cambia_volumen(){ \n   \tvar divisiones \n   \tdivisiones = document.f1.divisiones[document.f1.divisiones.selectedIndex].value \n   \tif (divisiones != 0) { \n      \tmis_volumenes=todosVolumenes[divisiones]\n      \tnum_volumenes = mis_volumenes.length \n      \tdocument.f1.volumen.length = num_volumenes \n      \tfor(i=0;i<num_volumenes;i++){ \n         \tdocument.f1.volumen.options[i].value=mis_volumenes[i] \n         \tdocument.f1.volumen.options[i].text=mis_volumenes[i] \n      \t}\t\n   \t}else{ \n      \tdocument.f1.volumen.length = 1 \n      \tdocument.f1.volumen.options[0].value = \"-\" \n      \tdocument.f1.volumen.options[0].text = \"-\" \n   \t} \n   \tdocument.f1.volumen.options[0].selected = true \n}\n\n  <\/script>\n\n<br\/><br\/>\n  \n  \n  \n  \n\n<label for=\"country\">Pa\u00eds*<\/label><input  id=\"country\" maxlength=\"40\" name=\"country\" size=\"20\" type=\"text\" \/><br>\n\n<label for=\"city\">Ciudad<\/label><input  id=\"city\" maxlength=\"40\" name=\"city\" size=\"20\" type=\"text\" \/><br>\n\n<label for=\"state\">Estado\/Provincia<\/label><input  id=\"state\" maxlength=\"20\" name=\"state\" size=\"20\" type=\"text\" \/><br>\n\n<label for=\"industry\">Giro<\/label><select  id=\"industry\" name=\"industry\"><option value=\"\">--Ninguno--<\/option><option value=\"Alimenticio\">Alimenticio<\/option>\n<option value=\"Automotriz\">Automotriz<\/option>\n<option value=\"Consumo\">Consumo<\/option>\n<option value=\"Electr\u00f3nico\">Electr\u00f3nico<\/option>\n<option value=\"Government\">Government<\/option>\n<option value=\"Hoteler\u00eda\">Hoteler\u00eda<\/option>\n<option value=\"Juguetes\">Juguetes<\/option>\n<option value=\"Otro\">Otro<\/option>\n<option value=\"PANIFICADORA\">PANIFICADORA<\/option>\n<option value=\"Restaurante\">Restaurante<\/option>\n<\/select><br>\n\n<label for=\"url\">Sitio Web<\/label><input  id=\"url\" maxlength=\"80\" name=\"url\" size=\"20\" type=\"text\" \/><br>\n\n<b>Comentarios:<\/b><textarea  id=\"00N4W00000Rffdx\" name=\"00N4W00000Rffdx\" rows=\"3\" type=\"text\" wrap=\"soft\"><\/textarea><br>\n\n<label for=\"lead_source\">Origen del prospecto<\/label><select  id=\"lead_source\" name=\"lead_source\">\n    <option value=\"Web2Lead_Wow_Group\">Web2Lead_Wow_Group<\/option>\n\n<\/select><br>\n\n<div class=\"g-recaptcha\" data-sitekey=\"6LccZSceAAAAABue72vsgbBBkBzVfO9sfYEHl51f\"><\/div><br>\n<input type=\"submit\" name=\"submit\">\n\n<\/form>\n\n\n\n<p><\/p>\n","protected":false},"excerpt":{"rendered":"<p>Nombre* Apellidos* Email* Tel\u00e9fono Selecciona la categor\u00eda de tu inter\u00e9s* &#8211;Ninguno&#8211;Productos sustentables para el consumo y empaque de alimentos.L\u00e1minas y estructuras de PET (PETG, PET\/ EVOH\/PE, RPET, antiest\u00e1ticos, etc.). Indica un volumen estimado:* &#8211;Ninguno&#8211; Pa\u00eds* Ciudad Estado\/Provincia Giro&#8211;Ninguno&#8211;AlimenticioAutomotrizConsumoElectr\u00f3nicoGovernmentHoteler\u00edaJuguetesOtroPANIFICADORARestaurante Sitio Web Comentarios: Origen del prospectoWeb2Lead_Wow_Group<\/p>","protected":false},"author":398,"featured_media":0,"parent":0,"menu_order":0,"comment_status":"closed","ping_status":"closed","template":"","meta":{"_monsterinsights_skip_tracking":false,"_monsterinsights_sitenote_active":false,"_monsterinsights_sitenote_note":"","_monsterinsights_sitenote_category":0,"_joinchat":[],"footnotes":""},"class_list":["post-12060","page","type-page","status-publish","hentry"],"aioseo_notices":[],"_links":{"self":[{"href":"https:\/\/wowgroup.com\/en\/wp-json\/wp\/v2\/pages\/12060","targetHints":{"allow":["GET"]}}],"collection":[{"href":"https:\/\/wowgroup.com\/en\/wp-json\/wp\/v2\/pages"}],"about":[{"href":"https:\/\/wowgroup.com\/en\/wp-json\/wp\/v2\/types\/page"}],"author":[{"embeddable":true,"href":"https:\/\/wowgroup.com\/en\/wp-json\/wp\/v2\/users\/398"}],"replies":[{"embeddable":true,"href":"https:\/\/wowgroup.com\/en\/wp-json\/wp\/v2\/comments?post=12060"}],"version-history":[{"count":3,"href":"https:\/\/wowgroup.com\/en\/wp-json\/wp\/v2\/pages\/12060\/revisions"}],"predecessor-version":[{"id":12065,"href":"https:\/\/wowgroup.com\/en\/wp-json\/wp\/v2\/pages\/12060\/revisions\/12065"}],"wp:attachment":[{"href":"https:\/\/wowgroup.com\/en\/wp-json\/wp\/v2\/media?parent=12060"}],"curies":[{"name":"wp","href":"https:\/\/api.w.org\/{rel}","templated":true}]}}